{"id":97,"date":"2020-07-09T20:35:38","date_gmt":"2020-07-09T18:35:38","guid":{"rendered":"http:\/\/living-lodge.com\/?page_id=97"},"modified":"2020-11-19T13:09:13","modified_gmt":"2020-11-19T13:09:13","slug":"disclaimer","status":"publish","type":"page","link":"https:\/\/living-lodge.com\/de\/disclaimer\/","title":{"rendered":"Haftungsausschluss"},"content":{"rendered":"<p>Die auf dieser Website enthaltenen Informationen dienen nur allgemeinen Informationszwecken. Die Informationen werden von Living Lodge zur Verf\u00fcgung gestellt. Obwohl wir uns bem\u00fchen, die Informationen auf dem neuesten Stand und korrekt zu halten, geben wir keine ausdr\u00fccklichen oder stillschweigenden Zusicherungen oder Gew\u00e4hrleistungen in Bezug auf die Vollst\u00e4ndigkeit, Genauigkeit, Zuverl\u00e4ssigkeit, Eignung oder Verf\u00fcgbarkeit in Bezug auf die Website oder die auf der Website enthaltenen Informationen, Produkte, Dienstleistungen oder verwandten Grafiken f\u00fcr jeden Zweck. Das Vertrauen, das Sie in solche Informationen setzen, erfolgt daher ausschlie\u00dflich auf eigenes Risiko.<\/p>\n<p>In keinem Fall haften wir f\u00fcr Verluste oder Sch\u00e4den, einschlie\u00dflich, jedoch nicht beschr\u00e4nkt auf indirekte Verluste oder Folgesch\u00e4den, oder f\u00fcr Verluste oder Sch\u00e4den, die sich aus dem Verlust von Daten oder Gewinnen ergeben, die aus oder im Zusammenhang mit der Nutzung dieser Website entstehen .<\/p>\n<p>\u00dcber diese Website k\u00f6nnen Sie Links zu anderen Websites erstellen, die nicht unter der Kontrolle von Living Lodge stehen. Wir haben keine Kontrolle \u00fcber Art, Inhalt und Verf\u00fcgbarkeit dieser Websites. Das Einf\u00fcgen von Links bedeutet nicht notwendigerweise eine Empfehlung oder best\u00e4tigt die darin ge\u00e4u\u00dferten Ansichten.<\/p>\n<p>Es werden alle Anstrengungen unternommen, um die Website am Laufen zu halten. Living Lodge \u00fcbernimmt jedoch keine Verantwortung und \u00fcbernimmt keine Haftung daf\u00fcr, dass die Website aufgrund technischer Probleme, die au\u00dferhalb unserer Kontrolle liegen, vor\u00fcbergehend nicht verf\u00fcgbar ist.<\/p>","protected":false},"excerpt":{"rendered":"<p>Die auf dieser Website enthaltenen Informationen dienen nur allgemeinen Informationszwecken. Die Informationen werden von Living Lodge zur Verf\u00fcgung gestellt. Obwohl wir uns bem\u00fchen, die Informationen auf dem neuesten Stand und korrekt zu halten, geben wir keine ausdr\u00fccklichen oder stillschweigenden Zusicherungen oder Gew\u00e4hrleistungen in Bezug auf die Vollst\u00e4ndigkeit, Genauigkeit, Zuverl\u00e4ssigkeit, Eignung oder Verf\u00fcgbarkeit in Bezug auf [&hellip;]<\/p>\n","protected":false},"author":3,"featured_media":0,"parent":0,"menu_order":0,"comment_status":"closed","ping_status":"closed","template":"cp.php","meta":{"_kad_blocks_custom_css":"","_kad_blocks_head_custom_js":"","_kad_blocks_body_custom_js":"","_kad_blocks_footer_custom_js":"","footnotes":""},"class_list":["post-97","page","type-page","status-publish","hentry"],"yoast_head":"<!-- This site is optimized with the Yoast SEO plugin v27.3 - https:\/\/yoast.com\/product\/yoast-seo-wordpress\/ -->\n<title>Haftungsausschluss &#8226; Living Lodge Algarve Portugal<\/title>\n<meta name=\"robots\" content=\"index, follow, max-snippet:-1, max-image-preview:large, max-video-preview:-1\" \/>\n<link rel=\"canonical\" href=\"https:\/\/living-lodge.com\/disclaimer\/\" \/>\n<meta property=\"og:locale\" content=\"de_DE\" \/>\n<meta property=\"og:type\" content=\"article\" \/>\n<meta property=\"og:title\" content=\"[:en]Disclaimer[:de]Haftungsausschluss[:] &#8226; Living Lodge Algarve Portugal\" \/>\n<meta property=\"og:description\" content=\"Die auf dieser Website enthaltenen Informationen dienen nur allgemeinen Informationszwecken. Die Informationen werden von Living Lodge zur Verf\u00fcgung gestellt. Obwohl wir uns bem\u00fchen, die Informationen auf dem neuesten Stand und korrekt zu halten, geben wir keine ausdr\u00fccklichen oder stillschweigenden Zusicherungen oder Gew\u00e4hrleistungen in Bezug auf die Vollst\u00e4ndigkeit, Genauigkeit, Zuverl\u00e4ssigkeit, Eignung oder Verf\u00fcgbarkeit in Bezug auf [&hellip;]\" \/>\n<meta property=\"og:url\" content=\"https:\/\/living-lodge.com\/disclaimer\/\" \/>\n<meta property=\"og:site_name\" content=\"Living Lodge Algarve Portugal\" \/>\n<meta property=\"article:publisher\" content=\"https:\/\/www.facebook.com\/LivingLodgePortugal\" \/>\n<meta property=\"article:modified_time\" content=\"2020-11-19T13:09:13+00:00\" \/>\n<meta name=\"twitter:card\" content=\"summary_large_image\" \/>\n<meta name=\"twitter:label1\" content=\"Gesch\u00e4tzte Lesezeit\" \/>\n\t<meta name=\"twitter:data1\" content=\"2\u00a0Minuten\" \/>\n<script type=\"application\/ld+json\" class=\"yoast-schema-graph\">{\"@context\":\"https:\\\/\\\/schema.org\",\"@graph\":[{\"@type\":\"WebPage\",\"@id\":\"https:\\\/\\\/living-lodge.com\\\/disclaimer\\\/\",\"url\":\"https:\\\/\\\/living-lodge.com\\\/disclaimer\\\/\",\"name\":\"[:en]Disclaimer[:de]Haftungsausschluss[:] &#8226; Living Lodge Algarve Portugal\",\"isPartOf\":{\"@id\":\"https:\\\/\\\/living-lodge.com\\\/#website\"},\"datePublished\":\"2020-07-09T18:35:38+00:00\",\"dateModified\":\"2020-11-19T13:09:13+00:00\",\"breadcrumb\":{\"@id\":\"https:\\\/\\\/living-lodge.com\\\/disclaimer\\\/#breadcrumb\"},\"inLanguage\":\"de\",\"potentialAction\":[{\"@type\":\"ReadAction\",\"target\":[\"https:\\\/\\\/living-lodge.com\\\/disclaimer\\\/\"]}]},{\"@type\":\"BreadcrumbList\",\"@id\":\"https:\\\/\\\/living-lodge.com\\\/disclaimer\\\/#breadcrumb\",\"itemListElement\":[{\"@type\":\"ListItem\",\"position\":1,\"name\":\"Home\",\"item\":\"https:\\\/\\\/living-lodge.com\\\/\"},{\"@type\":\"ListItem\",\"position\":2,\"name\":\"Disclaimer\"}]},{\"@type\":\"WebSite\",\"@id\":\"https:\\\/\\\/living-lodge.com\\\/#website\",\"url\":\"https:\\\/\\\/living-lodge.com\\\/\",\"name\":\"Living Lodge Algarve Portugal\",\"description\":\"(English) The Portuguese Algarve is not only known for its around 300 days of sunshine a year.\",\"publisher\":{\"@id\":\"https:\\\/\\\/living-lodge.com\\\/#organization\"},\"potentialAction\":[{\"@type\":\"SearchAction\",\"target\":{\"@type\":\"EntryPoint\",\"urlTemplate\":\"https:\\\/\\\/living-lodge.com\\\/?s={search_term_string}\"},\"query-input\":{\"@type\":\"PropertyValueSpecification\",\"valueRequired\":true,\"valueName\":\"search_term_string\"}}],\"inLanguage\":\"de\"},{\"@type\":\"Organization\",\"@id\":\"https:\\\/\\\/living-lodge.com\\\/#organization\",\"name\":\"Living Lodge Algarve Portugal\",\"url\":\"https:\\\/\\\/living-lodge.com\\\/\",\"logo\":{\"@type\":\"ImageObject\",\"inLanguage\":\"de\",\"@id\":\"https:\\\/\\\/living-lodge.com\\\/#\\\/schema\\\/logo\\\/image\\\/\",\"url\":\"http:\\\/\\\/living-lodge.com\\\/wp-content\\\/uploads\\\/2020\\\/10\\\/logo.png\",\"contentUrl\":\"http:\\\/\\\/living-lodge.com\\\/wp-content\\\/uploads\\\/2020\\\/10\\\/logo.png\",\"width\":176,\"height\":176,\"caption\":\"Living Lodge Algarve Portugal\"},\"image\":{\"@id\":\"https:\\\/\\\/living-lodge.com\\\/#\\\/schema\\\/logo\\\/image\\\/\"},\"sameAs\":[\"https:\\\/\\\/www.facebook.com\\\/LivingLodgePortugal\",\"https:\\\/\\\/www.instagram.com\\\/living_lodge_portugal\\\/\"]}]}<\/script>\n<!-- \/ Yoast SEO plugin. -->","yoast_head_json":{"title":"[:en]Disclaimer[:de]Haftungsausschluss[:] &#8226; Living Lodge Algarve Portugal","robots":{"index":"index","follow":"follow","max-snippet":"max-snippet:-1","max-image-preview":"max-image-preview:large","max-video-preview":"max-video-preview:-1"},"canonical":"https:\/\/living-lodge.com\/disclaimer\/","og_locale":"de_DE","og_type":"article","og_title":"[:en]Disclaimer[:de]Haftungsausschluss[:] &#8226; Living Lodge Algarve Portugal","og_description":"Die auf dieser Website enthaltenen Informationen dienen nur allgemeinen Informationszwecken. Die Informationen werden von Living Lodge zur Verf\u00fcgung gestellt. Obwohl wir uns bem\u00fchen, die Informationen auf dem neuesten Stand und korrekt zu halten, geben wir keine ausdr\u00fccklichen oder stillschweigenden Zusicherungen oder Gew\u00e4hrleistungen in Bezug auf die Vollst\u00e4ndigkeit, Genauigkeit, Zuverl\u00e4ssigkeit, Eignung oder Verf\u00fcgbarkeit in Bezug auf [&hellip;]","og_url":"https:\/\/living-lodge.com\/disclaimer\/","og_site_name":"Living Lodge Algarve Portugal","article_publisher":"https:\/\/www.facebook.com\/LivingLodgePortugal","article_modified_time":"2020-11-19T13:09:13+00:00","twitter_card":"summary_large_image","twitter_misc":{"Gesch\u00e4tzte Lesezeit":"2\u00a0Minuten"},"schema":{"@context":"https:\/\/schema.org","@graph":[{"@type":"WebPage","@id":"https:\/\/living-lodge.com\/disclaimer\/","url":"https:\/\/living-lodge.com\/disclaimer\/","name":"[:en]Disclaimer[:de]Haftungsausschluss[:] &#8226; Living Lodge Algarve Portugal","isPartOf":{"@id":"https:\/\/living-lodge.com\/#website"},"datePublished":"2020-07-09T18:35:38+00:00","dateModified":"2020-11-19T13:09:13+00:00","breadcrumb":{"@id":"https:\/\/living-lodge.com\/disclaimer\/#breadcrumb"},"inLanguage":"de","potentialAction":[{"@type":"ReadAction","target":["https:\/\/living-lodge.com\/disclaimer\/"]}]},{"@type":"BreadcrumbList","@id":"https:\/\/living-lodge.com\/disclaimer\/#breadcrumb","itemListElement":[{"@type":"ListItem","position":1,"name":"Home","item":"https:\/\/living-lodge.com\/"},{"@type":"ListItem","position":2,"name":"Disclaimer"}]},{"@type":"WebSite","@id":"https:\/\/living-lodge.com\/#website","url":"https:\/\/living-lodge.com\/","name":"Living Lodge Algarve Portugal","description":"(English) The Portuguese Algarve is not only known for its around 300 days of sunshine a year.","publisher":{"@id":"https:\/\/living-lodge.com\/#organization"},"potentialAction":[{"@type":"SearchAction","target":{"@type":"EntryPoint","urlTemplate":"https:\/\/living-lodge.com\/?s={search_term_string}"},"query-input":{"@type":"PropertyValueSpecification","valueRequired":true,"valueName":"search_term_string"}}],"inLanguage":"de"},{"@type":"Organization","@id":"https:\/\/living-lodge.com\/#organization","name":"Living Lodge Algarve Portugal","url":"https:\/\/living-lodge.com\/","logo":{"@type":"ImageObject","inLanguage":"de","@id":"https:\/\/living-lodge.com\/#\/schema\/logo\/image\/","url":"http:\/\/living-lodge.com\/wp-content\/uploads\/2020\/10\/logo.png","contentUrl":"http:\/\/living-lodge.com\/wp-content\/uploads\/2020\/10\/logo.png","width":176,"height":176,"caption":"Living Lodge Algarve Portugal"},"image":{"@id":"https:\/\/living-lodge.com\/#\/schema\/logo\/image\/"},"sameAs":["https:\/\/www.facebook.com\/LivingLodgePortugal","https:\/\/www.instagram.com\/living_lodge_portugal\/"]}]}},"taxonomy_info":[],"featured_image_src_large":false,"author_info":{"display_name":"beheerder","author_link":"https:\/\/living-lodge.com\/de\/author\/w3b4\/"},"comment_info":0,"_links":{"self":[{"href":"https:\/\/living-lodge.com\/de\/wp-json\/wp\/v2\/pages\/97","targetHints":{"allow":["GET"]}}],"collection":[{"href":"https:\/\/living-lodge.com\/de\/wp-json\/wp\/v2\/pages"}],"about":[{"href":"https:\/\/living-lodge.com\/de\/wp-json\/wp\/v2\/types\/page"}],"author":[{"embeddable":true,"href":"https:\/\/living-lodge.com\/de\/wp-json\/wp\/v2\/users\/3"}],"replies":[{"embeddable":true,"href":"https:\/\/living-lodge.com\/de\/wp-json\/wp\/v2\/comments?post=97"}],"version-history":[{"count":0,"href":"https:\/\/living-lodge.com\/de\/wp-json\/wp\/v2\/pages\/97\/revisions"}],"wp:attachment":[{"href":"https:\/\/living-lodge.com\/de\/wp-json\/wp\/v2\/media?parent=97"}],"curies":[{"name":"wp","href":"https:\/\/api.w.org\/{rel}","templated":true}]}}