{"id":87,"date":"2020-07-09T19:49:46","date_gmt":"2020-07-09T17:49:46","guid":{"rendered":"http:\/\/living-lodge.com\/?page_id=87"},"modified":"2023-05-10T13:37:41","modified_gmt":"2023-05-10T12:37:41","slug":"contact","status":"publish","type":"page","link":"https:\/\/living-lodge.com\/de\/contact\/","title":{"rendered":"Kontakt"},"content":{"rendered":"<p>Wenn Sie Fragen haben, k\u00f6nnen Sie sich gerne an uns wenden.<\/p>\n\n\n<style>.kb-row-layout-id_47bfd0-de > .kt-row-column-wrap{align-content:start;}:where(.kb-row-layout-id_47bfd0-de > .kt-row-column-wrap) > .wp-block-kadence-column{justify-content:start;}.kb-row-layout-id_47bfd0-de > .kt-row-column-wrap{column-gap:20px;row-gap:20px;padding-top:0px;padding-bottom:25px;grid-template-columns:repeat(2, minmax(0, 1fr));}.kb-row-layout-id_47bfd0-de > .kt-row-layout-overlay{opacity:0.30;}@media all and (max-width: 1024px){.kb-row-layout-id_47bfd0-de > .kt-row-column-wrap{grid-template-columns:repeat(2, minmax(0, 1fr));}}@media all and (max-width: 767px){.kb-row-layout-id_47bfd0-de > .kt-row-column-wrap{grid-template-columns:minmax(0, 1fr);}.kb-row-layout-id_47bfd0-de > .kt-row-column-wrap > .wp-block-kadence-column:nth-child(1 of *:not(style)){order:2;}.kb-row-layout-id_47bfd0-de > .kt-row-column-wrap > .wp-block-kadence-column:nth-child(2 of *:not(style)){order:1;}.kb-row-layout-id_47bfd0-de > .kt-row-column-wrap > .wp-block-kadence-column:nth-child(3 of *:not(style)){order:12;}.kb-row-layout-id_47bfd0-de > .kt-row-column-wrap > .wp-block-kadence-column:nth-child(4 of *:not(style)){order:11;}.kb-row-layout-id_47bfd0-de > .kt-row-column-wrap > .wp-block-kadence-column:nth-child(5 of *:not(style)){order:22;}.kb-row-layout-id_47bfd0-de > .kt-row-column-wrap > .wp-block-kadence-column:nth-child(6 of *:not(style)){order:21;}.kb-row-layout-id_47bfd0-de > .kt-row-column-wrap > .wp-block-kadence-column:nth-child(7 of *:not(style)){order:32;}.kb-row-layout-id_47bfd0-de > .kt-row-column-wrap > .wp-block-kadence-column:nth-child(8 of *:not(style)){order:31;}}<\/style><div class=\"kb-row-layout-wrap kb-row-layout-id_47bfd0-de alignnone wp-block-kadence-rowlayout\"><div class=\"kt-row-column-wrap kt-has-2-columns kt-row-layout-equal kt-tab-layout-inherit kt-mobile-layout-row kt-row-valign-top\">\n<style>.kadence-column_9f7265-af > .kt-inside-inner-col,.kadence-column_9f7265-af > .kt-inside-inner-col:before{border-top-left-radius:0px;border-top-right-radius:0px;border-bottom-right-radius:0px;border-bottom-left-radius:0px;}.kadence-column_9f7265-af > .kt-inside-inner-col{column-gap:var(--global-kb-gap-sm, 1rem);}.kadence-column_9f7265-af > .kt-inside-inner-col{flex-direction:column;}.kadence-column_9f7265-af > .kt-inside-inner-col > .aligncenter{width:100%;}.kadence-column_9f7265-af > .kt-inside-inner-col:before{opacity:0.3;}.kadence-column_9f7265-af{position:relative;}@media all and (max-width: 1024px){.kadence-column_9f7265-af > .kt-inside-inner-col{flex-direction:column;justify-content:center;}}@media all and (max-width: 767px){.kadence-column_9f7265-af > .kt-inside-inner-col{flex-direction:column;justify-content:center;}}<\/style>\n<div class=\"wp-block-kadence-column kadence-column_9f7265-af inner-column-1\"><div class=\"kt-inside-inner-col\">\n<div class=\"map\"><iframe loading=\"lazy\" src=\"https:\/\/www.google.com\/maps\/embed?pb=!1m14!1m8!1m3!1d12696.247912860199!2d-8.8617497!3d37.2936649!3m2!1i1024!2i768!4f13.1!3m3!1m2!1s0x0%3A0x847d2a9972a491a6!2sLiving%20Lodge%20Portugal!5e0!3m2!1snl!2spt!4v1605382734153!5m2!1snl!2spt\" width=\"100%\" height=\"450\" frameborder=\"0\" style=\"border:0;\" allowfullscreen=\"\" aria-hidden=\"false\" tabindex=\"0\"><\/iframe><\/div>\n<\/div><\/div>\n\n\n<style>.kadence-column_c820a1-38 > .kt-inside-inner-col,.kadence-column_c820a1-38 > .kt-inside-inner-col:before{border-top-left-radius:0px;border-top-right-radius:0px;border-bottom-right-radius:0px;border-bottom-left-radius:0px;}.kadence-column_c820a1-38 > .kt-inside-inner-col{column-gap:var(--global-kb-gap-sm, 1rem);}.kadence-column_c820a1-38 > .kt-inside-inner-col{flex-direction:column;}.kadence-column_c820a1-38 > .kt-inside-inner-col > .aligncenter{width:100%;}.kadence-column_c820a1-38 > .kt-inside-inner-col:before{opacity:0.3;}.kadence-column_c820a1-38{position:relative;}@media all and (max-width: 1024px){.kadence-column_c820a1-38 > .kt-inside-inner-col{flex-direction:column;justify-content:center;}}@media all and (max-width: 767px){.kadence-column_c820a1-38 > .kt-inside-inner-col{flex-direction:column;justify-content:center;}}<\/style>\n<div class=\"wp-block-kadence-column kadence-column_c820a1-38 inner-column-2\"><div class=\"kt-inside-inner-col\"><style>.kadence-form-_7e0f70-1d .kb-form .kadence-blocks-form-field .kb-forms-submit{background:#619083;}.kadence-form-_7e0f70-1d .kb-form .kadence-blocks-form-field .kb-forms-submit:hover, .kadence-form-_7e0f70-1d .kb-form .kadence-blocks-form-field .kb-forms-submit:focus {background:#000000;}.kb-form input.kadence-blocks-field.verify{opacity:0.0;position:absolute;top:0.0;left:0.0;width:0.0;height:0.0;z-index:-1;}<\/style>\n<div class=\"wp-block-kadence-form kadence-form-_7e0f70-1d kb-form-wrap\"><form class=\"kb-form\" action=\"\" method=\"post\"><div class=\"kadence-blocks-form-field kb-field-desk-width-100 kb-input-size-standard\"><input name=\"kb_field_0\" id=\"kb_field__7e0f70-1d_0\" data-label=\"Full name\" type=\"text\" placeholder=\"Name\" value=\"\" data-type=\"text\" class=\"kb-field kb-text-style-field kb-text-field kb-field-0\"\/><\/div><div class=\"kadence-blocks-form-field kb-form-field-1 kb-field-desk-width-100 kb-input-size-standard\"><input name=\"kb_field_1\" id=\"kb_field__7e0f70-1d_1\" data-label=\"E-mail\" type=\"email\" placeholder=\"E-mail\" value=\"\" data-type=\"email\" class=\"kb-field kb-text-style-field kb-email-field kb-field-1\" data-required=\"yes\"\/><\/div><div class=\"kadence-blocks-form-field kb-form-field-2 kb-field-desk-width-100 kb-input-size-standard\"><textarea name=\"kb_field_2\" id=\"kb_field__7e0f70-1d_2\" data-label=\"Frage oder Kommentar\" type=\"textarea\" placeholder=\"Frage oder Kommentar\" data-type=\"textarea\" class=\"kb-field kb-text-style-field kb-textarea-field kb-field-2\" rows=\"4\" data-required=\"yes\"><\/textarea><\/div><input type=\"hidden\" name=\"_kb_form_id\" value=\"_7e0f70-1d\"\/><input type=\"hidden\" name=\"_kb_form_post_id\" value=\"87\"\/><input type=\"hidden\" name=\"action\" value=\"kb_process_ajax_submit\"\/><label class=\"kadence-verify-label\">Email<input class=\"kadence-blocks-field verify\" type=\"text\" name=\"_kb_verify_email\" autocomplete=\"new-password\" aria-hidden=\"true\" placeholder=\"Email\" tabindex=\"-1\" data-1p-ignore=\"true\" data-lpignore=\"true\" \/><\/label><div class=\"kadence-blocks-form-field kb-submit-field kb-field-desk-width-100\"><button class=\"kb-forms-submit button kb-button-size-standard kb-button-width-auto\">Senden<\/button><\/div><\/form><\/div>\n<noscript><div class=\"kadence-blocks-form-message kadence-blocks-form-warning\">Bitte aktiviere JavaScript in deinem Browser, um dieses Formular fertigzustellen.<\/div><style>.kadence-form-_7e0f70-1d .kadence-blocks-form-field.kb-submit-field { display: none; }<\/style><\/noscript><\/div><\/div>\n\n<\/div><\/div>\n\n<style>.wp-block-kadence-advancedheading.kt-adv-heading_34843b-29, .wp-block-kadence-advancedheading.kt-adv-heading_34843b-29[data-kb-block=\"kb-adv-heading_34843b-29\"]{font-weight:normal;font-style:normal;}.wp-block-kadence-advancedheading.kt-adv-heading_34843b-29 mark.kt-highlight, .wp-block-kadence-advancedheading.kt-adv-heading_34843b-29[data-kb-block=\"kb-adv-heading_34843b-29\"] mark.kt-highlight{font-weight:normal;font-style:normal;color:#f76a0c;-webkit-box-decoration-break:clone;box-decoration-break:clone;padding-top:0px;padding-right:0px;padding-bottom:0px;padding-left:0px;}.wp-block-kadence-advancedheading.kt-adv-heading_34843b-29 img.kb-inline-image, .wp-block-kadence-advancedheading.kt-adv-heading_34843b-29[data-kb-block=\"kb-adv-heading_34843b-29\"] img.kb-inline-image{width:150px;vertical-align:baseline;}<\/style>\n<h2 class=\"kt-adv-heading_34843b-29 wp-block-kadence-advancedheading\" data-kb-block=\"kb-adv-heading_34843b-29\">Fl\u00fcge<\/h2>\n\n\n\n<p>Die beste und meist kosteng\u00fcnstigste Anreise erfolgt \u00fcber Ryanair. In Faro ist der n\u00e4chstgelegene Flughafen. Dieser wird von folgenden deutschen St\u00e4dten angeflogen:<\/p>\n\n\n\n<p>Hamburg<br>D\u00fcsseldorf (Weeze)<br>K\u00f6ln<br>Bremen<br>Berlin<\/p>\n\n\n\n<p>Memmingen<br>Frankfurt int.<\/p>","protected":false},"excerpt":{"rendered":"<p>Wenn Sie Fragen haben, k\u00f6nnen Sie sich gerne an uns wenden. Fl\u00fcge Die beste und meist kosteng\u00fcnstigste Anreise erfolgt \u00fcber Ryanair. In Faro ist der n\u00e4chstgelegene Flughafen. Dieser wird von folgenden deutschen St\u00e4dten angeflogen: HamburgD\u00fcsseldorf (Weeze)K\u00f6lnBremenBerlin MemmingenFrankfurt int.<\/p>\n","protected":false},"author":3,"featured_media":0,"parent":0,"menu_order":0,"comment_status":"closed","ping_status":"closed","template":"cp.php","meta":{"_kad_blocks_custom_css":"","_kad_blocks_head_custom_js":"","_kad_blocks_body_custom_js":"","_kad_blocks_footer_custom_js":"","footnotes":""},"class_list":["post-87","page","type-page","status-publish","hentry"],"yoast_head":"<!-- This site is optimized with the Yoast SEO plugin v27.3 - https:\/\/yoast.com\/product\/yoast-seo-wordpress\/ -->\n<title>Kontakt &#8226; Living Lodge Algarve Portugal<\/title>\n<meta name=\"robots\" content=\"index, follow, max-snippet:-1, max-image-preview:large, max-video-preview:-1\" \/>\n<link rel=\"canonical\" href=\"https:\/\/living-lodge.com\/contact\/\" \/>\n<meta property=\"og:locale\" content=\"de_DE\" \/>\n<meta property=\"og:type\" content=\"article\" \/>\n<meta property=\"og:title\" content=\"[:en]Contact[:de]Kontakt[:] &#8226; Living Lodge Algarve Portugal\" \/>\n<meta property=\"og:description\" content=\"Wenn Sie Fragen haben, k\u00f6nnen Sie sich gerne an uns wenden. Fl\u00fcge Die beste und meist kosteng\u00fcnstigste Anreise erfolgt \u00fcber Ryanair. In Faro ist der n\u00e4chstgelegene Flughafen. Dieser wird von folgenden deutschen St\u00e4dten angeflogen: HamburgD\u00fcsseldorf (Weeze)K\u00f6lnBremenBerlin MemmingenFrankfurt int.\" \/>\n<meta property=\"og:url\" content=\"https:\/\/living-lodge.com\/contact\/\" \/>\n<meta property=\"og:site_name\" content=\"Living Lodge Algarve Portugal\" \/>\n<meta property=\"article:publisher\" content=\"https:\/\/www.facebook.com\/LivingLodgePortugal\" \/>\n<meta property=\"article:modified_time\" content=\"2023-05-10T12:37:41+00:00\" \/>\n<meta name=\"twitter:card\" content=\"summary_large_image\" \/>\n<meta name=\"twitter:label1\" content=\"Gesch\u00e4tzte Lesezeit\" \/>\n\t<meta name=\"twitter:data1\" content=\"1\u00a0Minute\" \/>\n<script type=\"application\/ld+json\" class=\"yoast-schema-graph\">{\"@context\":\"https:\\\/\\\/schema.org\",\"@graph\":[{\"@type\":\"WebPage\",\"@id\":\"https:\\\/\\\/living-lodge.com\\\/contact\\\/\",\"url\":\"https:\\\/\\\/living-lodge.com\\\/contact\\\/\",\"name\":\"[:en]Contact[:de]Kontakt[:] &#8226; Living Lodge Algarve Portugal\",\"isPartOf\":{\"@id\":\"https:\\\/\\\/living-lodge.com\\\/#website\"},\"datePublished\":\"2020-07-09T17:49:46+00:00\",\"dateModified\":\"2023-05-10T12:37:41+00:00\",\"breadcrumb\":{\"@id\":\"https:\\\/\\\/living-lodge.com\\\/contact\\\/#breadcrumb\"},\"inLanguage\":\"de\",\"potentialAction\":[{\"@type\":\"ReadAction\",\"target\":[\"https:\\\/\\\/living-lodge.com\\\/contact\\\/\"]}]},{\"@type\":\"BreadcrumbList\",\"@id\":\"https:\\\/\\\/living-lodge.com\\\/contact\\\/#breadcrumb\",\"itemListElement\":[{\"@type\":\"ListItem\",\"position\":1,\"name\":\"Home\",\"item\":\"https:\\\/\\\/living-lodge.com\\\/\"},{\"@type\":\"ListItem\",\"position\":2,\"name\":\"Contact\"}]},{\"@type\":\"WebSite\",\"@id\":\"https:\\\/\\\/living-lodge.com\\\/#website\",\"url\":\"https:\\\/\\\/living-lodge.com\\\/\",\"name\":\"Living Lodge Algarve Portugal\",\"description\":\"(English) The Portuguese Algarve is not only known for its around 300 days of sunshine a year.\",\"publisher\":{\"@id\":\"https:\\\/\\\/living-lodge.com\\\/#organization\"},\"potentialAction\":[{\"@type\":\"SearchAction\",\"target\":{\"@type\":\"EntryPoint\",\"urlTemplate\":\"https:\\\/\\\/living-lodge.com\\\/?s={search_term_string}\"},\"query-input\":{\"@type\":\"PropertyValueSpecification\",\"valueRequired\":true,\"valueName\":\"search_term_string\"}}],\"inLanguage\":\"de\"},{\"@type\":\"Organization\",\"@id\":\"https:\\\/\\\/living-lodge.com\\\/#organization\",\"name\":\"Living Lodge Algarve Portugal\",\"url\":\"https:\\\/\\\/living-lodge.com\\\/\",\"logo\":{\"@type\":\"ImageObject\",\"inLanguage\":\"de\",\"@id\":\"https:\\\/\\\/living-lodge.com\\\/#\\\/schema\\\/logo\\\/image\\\/\",\"url\":\"http:\\\/\\\/living-lodge.com\\\/wp-content\\\/uploads\\\/2020\\\/10\\\/logo.png\",\"contentUrl\":\"http:\\\/\\\/living-lodge.com\\\/wp-content\\\/uploads\\\/2020\\\/10\\\/logo.png\",\"width\":176,\"height\":176,\"caption\":\"Living Lodge Algarve Portugal\"},\"image\":{\"@id\":\"https:\\\/\\\/living-lodge.com\\\/#\\\/schema\\\/logo\\\/image\\\/\"},\"sameAs\":[\"https:\\\/\\\/www.facebook.com\\\/LivingLodgePortugal\",\"https:\\\/\\\/www.instagram.com\\\/living_lodge_portugal\\\/\"]}]}<\/script>\n<!-- \/ Yoast SEO plugin. -->","yoast_head_json":{"title":"[:en]Contact[:de]Kontakt[:] &#8226; Living Lodge Algarve Portugal","robots":{"index":"index","follow":"follow","max-snippet":"max-snippet:-1","max-image-preview":"max-image-preview:large","max-video-preview":"max-video-preview:-1"},"canonical":"https:\/\/living-lodge.com\/contact\/","og_locale":"de_DE","og_type":"article","og_title":"[:en]Contact[:de]Kontakt[:] &#8226; Living Lodge Algarve Portugal","og_description":"Wenn Sie Fragen haben, k\u00f6nnen Sie sich gerne an uns wenden. Fl\u00fcge Die beste und meist kosteng\u00fcnstigste Anreise erfolgt \u00fcber Ryanair. In Faro ist der n\u00e4chstgelegene Flughafen. Dieser wird von folgenden deutschen St\u00e4dten angeflogen: HamburgD\u00fcsseldorf (Weeze)K\u00f6lnBremenBerlin MemmingenFrankfurt int.","og_url":"https:\/\/living-lodge.com\/contact\/","og_site_name":"Living Lodge Algarve Portugal","article_publisher":"https:\/\/www.facebook.com\/LivingLodgePortugal","article_modified_time":"2023-05-10T12:37:41+00:00","twitter_card":"summary_large_image","twitter_misc":{"Gesch\u00e4tzte Lesezeit":"1\u00a0Minute"},"schema":{"@context":"https:\/\/schema.org","@graph":[{"@type":"WebPage","@id":"https:\/\/living-lodge.com\/contact\/","url":"https:\/\/living-lodge.com\/contact\/","name":"[:en]Contact[:de]Kontakt[:] &#8226; Living Lodge Algarve Portugal","isPartOf":{"@id":"https:\/\/living-lodge.com\/#website"},"datePublished":"2020-07-09T17:49:46+00:00","dateModified":"2023-05-10T12:37:41+00:00","breadcrumb":{"@id":"https:\/\/living-lodge.com\/contact\/#breadcrumb"},"inLanguage":"de","potentialAction":[{"@type":"ReadAction","target":["https:\/\/living-lodge.com\/contact\/"]}]},{"@type":"BreadcrumbList","@id":"https:\/\/living-lodge.com\/contact\/#breadcrumb","itemListElement":[{"@type":"ListItem","position":1,"name":"Home","item":"https:\/\/living-lodge.com\/"},{"@type":"ListItem","position":2,"name":"Contact"}]},{"@type":"WebSite","@id":"https:\/\/living-lodge.com\/#website","url":"https:\/\/living-lodge.com\/","name":"Living Lodge Algarve Portugal","description":"(English) The Portuguese Algarve is not only known for its around 300 days of sunshine a year.","publisher":{"@id":"https:\/\/living-lodge.com\/#organization"},"potentialAction":[{"@type":"SearchAction","target":{"@type":"EntryPoint","urlTemplate":"https:\/\/living-lodge.com\/?s={search_term_string}"},"query-input":{"@type":"PropertyValueSpecification","valueRequired":true,"valueName":"search_term_string"}}],"inLanguage":"de"},{"@type":"Organization","@id":"https:\/\/living-lodge.com\/#organization","name":"Living Lodge Algarve Portugal","url":"https:\/\/living-lodge.com\/","logo":{"@type":"ImageObject","inLanguage":"de","@id":"https:\/\/living-lodge.com\/#\/schema\/logo\/image\/","url":"http:\/\/living-lodge.com\/wp-content\/uploads\/2020\/10\/logo.png","contentUrl":"http:\/\/living-lodge.com\/wp-content\/uploads\/2020\/10\/logo.png","width":176,"height":176,"caption":"Living Lodge Algarve Portugal"},"image":{"@id":"https:\/\/living-lodge.com\/#\/schema\/logo\/image\/"},"sameAs":["https:\/\/www.facebook.com\/LivingLodgePortugal","https:\/\/www.instagram.com\/living_lodge_portugal\/"]}]}},"taxonomy_info":[],"featured_image_src_large":false,"author_info":{"display_name":"beheerder","author_link":"https:\/\/living-lodge.com\/de\/author\/w3b4\/"},"comment_info":0,"_links":{"self":[{"href":"https:\/\/living-lodge.com\/de\/wp-json\/wp\/v2\/pages\/87","targetHints":{"allow":["GET"]}}],"collection":[{"href":"https:\/\/living-lodge.com\/de\/wp-json\/wp\/v2\/pages"}],"about":[{"href":"https:\/\/living-lodge.com\/de\/wp-json\/wp\/v2\/types\/page"}],"author":[{"embeddable":true,"href":"https:\/\/living-lodge.com\/de\/wp-json\/wp\/v2\/users\/3"}],"replies":[{"embeddable":true,"href":"https:\/\/living-lodge.com\/de\/wp-json\/wp\/v2\/comments?post=87"}],"version-history":[{"count":0,"href":"https:\/\/living-lodge.com\/de\/wp-json\/wp\/v2\/pages\/87\/revisions"}],"wp:attachment":[{"href":"https:\/\/living-lodge.com\/de\/wp-json\/wp\/v2\/media?parent=87"}],"curies":[{"name":"wp","href":"https:\/\/api.w.org\/{rel}","templated":true}]}}