{"id":112,"date":"2020-07-12T20:51:14","date_gmt":"2020-07-12T18:51:14","guid":{"rendered":"http:\/\/living-lodge.com\/?page_id=112"},"modified":"2020-11-19T12:55:51","modified_gmt":"2020-11-19T12:55:51","slug":"sent","status":"publish","type":"page","link":"https:\/\/living-lodge.com\/de\/sent\/","title":{"rendered":"Gesendet"},"content":{"rendered":"<p>Vielen Dank, Ihre Nachricht wurde erfolgreich gesendet. Wir haben Ihnen eine Best\u00e4tigung Ihrer Nachricht per E-Mail gesendet. \u00dcberpr\u00fcfen Sie bitte auch Ihren Spam Ordner.<\/p>","protected":false},"excerpt":{"rendered":"<p>Vielen Dank, Ihre Nachricht wurde erfolgreich gesendet. Wir haben Ihnen eine Best\u00e4tigung Ihrer Nachricht per E-Mail gesendet. \u00dcberpr\u00fcfen Sie bitte auch Ihren Spam Ordner.<\/p>\n","protected":false},"author":3,"featured_media":0,"parent":0,"menu_order":0,"comment_status":"closed","ping_status":"closed","template":"cp.php","meta":{"_kad_blocks_custom_css":"","_kad_blocks_head_custom_js":"","_kad_blocks_body_custom_js":"","_kad_blocks_footer_custom_js":"","footnotes":""},"class_list":["post-112","page","type-page","status-publish","hentry"],"yoast_head":"<!-- This site is optimized with the Yoast SEO plugin v27.4 - https:\/\/yoast.com\/product\/yoast-seo-wordpress\/ -->\n<title>Gesendet &#8226; Living Lodge Algarve Portugal<\/title>\n<meta name=\"robots\" content=\"index, follow, max-snippet:-1, max-image-preview:large, max-video-preview:-1\" \/>\n<link rel=\"canonical\" href=\"https:\/\/living-lodge.com\/de\/sent\/\" \/>\n<meta property=\"og:locale\" content=\"de_DE\" \/>\n<meta property=\"og:type\" content=\"article\" \/>\n<meta property=\"og:title\" content=\"[:en]Sent[:de]Gesendet[:] &#8226; Living Lodge Algarve Portugal\" \/>\n<meta property=\"og:description\" content=\"Vielen Dank, Ihre Nachricht wurde erfolgreich gesendet. Wir haben Ihnen eine Best\u00e4tigung Ihrer Nachricht per E-Mail gesendet. \u00dcberpr\u00fcfen Sie bitte auch Ihren Spam Ordner.\" \/>\n<meta property=\"og:url\" content=\"https:\/\/living-lodge.com\/de\/sent\/\" \/>\n<meta property=\"og:site_name\" content=\"Living Lodge Algarve Portugal\" \/>\n<meta property=\"article:publisher\" content=\"https:\/\/www.facebook.com\/LivingLodgePortugal\" \/>\n<meta property=\"article:modified_time\" content=\"2020-11-19T12:55:51+00:00\" \/>\n<meta name=\"twitter:card\" content=\"summary_large_image\" \/>\n<script type=\"application\/ld+json\" class=\"yoast-schema-graph\">{\"@context\":\"https:\\\/\\\/schema.org\",\"@graph\":[{\"@type\":\"WebPage\",\"@id\":\"https:\\\/\\\/living-lodge.com\\\/de\\\/sent\\\/\",\"url\":\"https:\\\/\\\/living-lodge.com\\\/de\\\/sent\\\/\",\"name\":\"[:en]Sent[:de]Gesendet[:] &#8226; Living Lodge Algarve Portugal\",\"isPartOf\":{\"@id\":\"https:\\\/\\\/living-lodge.com\\\/#website\"},\"datePublished\":\"2020-07-12T18:51:14+00:00\",\"dateModified\":\"2020-11-19T12:55:51+00:00\",\"breadcrumb\":{\"@id\":\"https:\\\/\\\/living-lodge.com\\\/de\\\/sent\\\/#breadcrumb\"},\"inLanguage\":\"de\",\"potentialAction\":[{\"@type\":\"ReadAction\",\"target\":[\"https:\\\/\\\/living-lodge.com\\\/de\\\/sent\\\/\"]}]},{\"@type\":\"BreadcrumbList\",\"@id\":\"https:\\\/\\\/living-lodge.com\\\/de\\\/sent\\\/#breadcrumb\",\"itemListElement\":[{\"@type\":\"ListItem\",\"position\":1,\"name\":\"Home\",\"item\":\"https:\\\/\\\/living-lodge.com\\\/\"},{\"@type\":\"ListItem\",\"position\":2,\"name\":\"Gesendet\"}]},{\"@type\":\"WebSite\",\"@id\":\"https:\\\/\\\/living-lodge.com\\\/#website\",\"url\":\"https:\\\/\\\/living-lodge.com\\\/\",\"name\":\"Living Lodge Algarve Portugal\",\"description\":\"(English) The Portuguese Algarve is not only known for its around 300 days of sunshine a year.\",\"publisher\":{\"@id\":\"https:\\\/\\\/living-lodge.com\\\/#organization\"},\"potentialAction\":[{\"@type\":\"SearchAction\",\"target\":{\"@type\":\"EntryPoint\",\"urlTemplate\":\"https:\\\/\\\/living-lodge.com\\\/?s={search_term_string}\"},\"query-input\":{\"@type\":\"PropertyValueSpecification\",\"valueRequired\":true,\"valueName\":\"search_term_string\"}}],\"inLanguage\":\"de\"},{\"@type\":\"Organization\",\"@id\":\"https:\\\/\\\/living-lodge.com\\\/#organization\",\"name\":\"Living Lodge Algarve Portugal\",\"url\":\"https:\\\/\\\/living-lodge.com\\\/\",\"logo\":{\"@type\":\"ImageObject\",\"inLanguage\":\"de\",\"@id\":\"https:\\\/\\\/living-lodge.com\\\/#\\\/schema\\\/logo\\\/image\\\/\",\"url\":\"http:\\\/\\\/living-lodge.com\\\/wp-content\\\/uploads\\\/2020\\\/10\\\/logo.png\",\"contentUrl\":\"http:\\\/\\\/living-lodge.com\\\/wp-content\\\/uploads\\\/2020\\\/10\\\/logo.png\",\"width\":176,\"height\":176,\"caption\":\"Living Lodge Algarve Portugal\"},\"image\":{\"@id\":\"https:\\\/\\\/living-lodge.com\\\/#\\\/schema\\\/logo\\\/image\\\/\"},\"sameAs\":[\"https:\\\/\\\/www.facebook.com\\\/LivingLodgePortugal\",\"https:\\\/\\\/www.instagram.com\\\/living_lodge_portugal\\\/\"]}]}<\/script>\n<!-- \/ Yoast SEO plugin. -->","yoast_head_json":{"title":"[:en]Sent[:de]Gesendet[:] &#8226; Living Lodge Algarve Portugal","robots":{"index":"index","follow":"follow","max-snippet":"max-snippet:-1","max-image-preview":"max-image-preview:large","max-video-preview":"max-video-preview:-1"},"canonical":"https:\/\/living-lodge.com\/de\/sent\/","og_locale":"de_DE","og_type":"article","og_title":"[:en]Sent[:de]Gesendet[:] &#8226; Living Lodge Algarve Portugal","og_description":"Vielen Dank, Ihre Nachricht wurde erfolgreich gesendet. Wir haben Ihnen eine Best\u00e4tigung Ihrer Nachricht per E-Mail gesendet. \u00dcberpr\u00fcfen Sie bitte auch Ihren Spam Ordner.","og_url":"https:\/\/living-lodge.com\/de\/sent\/","og_site_name":"Living Lodge Algarve Portugal","article_publisher":"https:\/\/www.facebook.com\/LivingLodgePortugal","article_modified_time":"2020-11-19T12:55:51+00:00","twitter_card":"summary_large_image","schema":{"@context":"https:\/\/schema.org","@graph":[{"@type":"WebPage","@id":"https:\/\/living-lodge.com\/de\/sent\/","url":"https:\/\/living-lodge.com\/de\/sent\/","name":"[:en]Sent[:de]Gesendet[:] &#8226; Living Lodge Algarve Portugal","isPartOf":{"@id":"https:\/\/living-lodge.com\/#website"},"datePublished":"2020-07-12T18:51:14+00:00","dateModified":"2020-11-19T12:55:51+00:00","breadcrumb":{"@id":"https:\/\/living-lodge.com\/de\/sent\/#breadcrumb"},"inLanguage":"de","potentialAction":[{"@type":"ReadAction","target":["https:\/\/living-lodge.com\/de\/sent\/"]}]},{"@type":"BreadcrumbList","@id":"https:\/\/living-lodge.com\/de\/sent\/#breadcrumb","itemListElement":[{"@type":"ListItem","position":1,"name":"Home","item":"https:\/\/living-lodge.com\/"},{"@type":"ListItem","position":2,"name":"Gesendet"}]},{"@type":"WebSite","@id":"https:\/\/living-lodge.com\/#website","url":"https:\/\/living-lodge.com\/","name":"Living Lodge Algarve Portugal","description":"(English) The Portuguese Algarve is not only known for its around 300 days of sunshine a year.","publisher":{"@id":"https:\/\/living-lodge.com\/#organization"},"potentialAction":[{"@type":"SearchAction","target":{"@type":"EntryPoint","urlTemplate":"https:\/\/living-lodge.com\/?s={search_term_string}"},"query-input":{"@type":"PropertyValueSpecification","valueRequired":true,"valueName":"search_term_string"}}],"inLanguage":"de"},{"@type":"Organization","@id":"https:\/\/living-lodge.com\/#organization","name":"Living Lodge Algarve Portugal","url":"https:\/\/living-lodge.com\/","logo":{"@type":"ImageObject","inLanguage":"de","@id":"https:\/\/living-lodge.com\/#\/schema\/logo\/image\/","url":"http:\/\/living-lodge.com\/wp-content\/uploads\/2020\/10\/logo.png","contentUrl":"http:\/\/living-lodge.com\/wp-content\/uploads\/2020\/10\/logo.png","width":176,"height":176,"caption":"Living Lodge Algarve Portugal"},"image":{"@id":"https:\/\/living-lodge.com\/#\/schema\/logo\/image\/"},"sameAs":["https:\/\/www.facebook.com\/LivingLodgePortugal","https:\/\/www.instagram.com\/living_lodge_portugal\/"]}]}},"taxonomy_info":[],"featured_image_src_large":false,"author_info":{"display_name":"beheerder","author_link":"https:\/\/living-lodge.com\/de\/author\/w3b4\/"},"comment_info":0,"_links":{"self":[{"href":"https:\/\/living-lodge.com\/de\/wp-json\/wp\/v2\/pages\/112","targetHints":{"allow":["GET"]}}],"collection":[{"href":"https:\/\/living-lodge.com\/de\/wp-json\/wp\/v2\/pages"}],"about":[{"href":"https:\/\/living-lodge.com\/de\/wp-json\/wp\/v2\/types\/page"}],"author":[{"embeddable":true,"href":"https:\/\/living-lodge.com\/de\/wp-json\/wp\/v2\/users\/3"}],"replies":[{"embeddable":true,"href":"https:\/\/living-lodge.com\/de\/wp-json\/wp\/v2\/comments?post=112"}],"version-history":[{"count":0,"href":"https:\/\/living-lodge.com\/de\/wp-json\/wp\/v2\/pages\/112\/revisions"}],"wp:attachment":[{"href":"https:\/\/living-lodge.com\/de\/wp-json\/wp\/v2\/media?parent=112"}],"curies":[{"name":"wp","href":"https:\/\/api.w.org\/{rel}","templated":true}]}}